{"id":11,"date":"2025-12-22T18:12:06","date_gmt":"2025-12-22T17:12:06","guid":{"rendered":"https:\/\/www.fio-it.de\/?page_id=11"},"modified":"2025-12-22T18:12:15","modified_gmt":"2025-12-22T17:12:15","slug":"ueber-uns","status":"publish","type":"page","link":"https:\/\/www.fio-it.de\/?page_id=11","title":{"rendered":"\u00dcber uns"},"content":{"rendered":"\n<p><strong>Wir \u00fcber Uns<\/strong><\/p>\n\n\n\n<p>Wir haben unser Hobby zum Beruf gemacht. Das ist f\u00fcr Sie ein gro\u00dfer Vorteil, denn Sie arbeiten mit Menschen zusammen, die von der EDV-Technik begeistert sind. Gemeinsam mit Ihnen entwickeln wir eine IT-Strategie, die Ihrer Unternehmensvision entspricht. Sie k\u00fcmmern sich um Ihr Business, wir k\u00fcmmern uns um Ihre IT.<\/p>\n\n\n\n<p>Auf unseren Webseiten m\u00f6chten wir Ihnen einen Eindruck vermitteln, welche Themen uns im IT-Umfeld bewegen. Das \u00e4ndert sich h\u00e4ufig, denn der IT-Markt entwickelt sich st\u00e4ndig weiter. Praktische L\u00f6sungen f\u00fcr unsere Kunden stehen im Mittelpunkt unserer Aufmerksamkeit.<\/p>\n\n\n\n<p><strong>Wir sind ein lernendes Unternehmen<\/strong><br><br>Wir sind mit unserem Wissen nie am Ende, sondern immer am Anfang. Wir suchen die Herausforderung. Nicht nur pers\u00f6nlich, sondern vor allem in der Technik. Deshalb ist die Informationstechnologie unser Zuhause, denn nie gleicht eine L\u00f6sung der anderen.<br><br>Finden Sie Ihre L\u00f6sung bei uns!<\/p>\n\n\n\n<p><strong>Die richtige Wahl<\/strong><\/p>\n\n\n\n<p>Sie finden es schwer zu entscheiden, was wir k\u00f6nnen und ob wir ein Partner f\u00fcr Sie sind? Nach 10 Jahren in der Branche k\u00f6nnen wir das total gut nachvollziehen. Bei uns gibt es keine Hochglanzbrosch\u00fcren und keine Werbeaussagen, wie toll wir sind. Wir k\u00f6nnen auch nicht alles, daf\u00fcr ist die IT inzwischen viel zu komplex und spezialisiert. Kommen wir an Spezialthemen, arbeiten wir mit Partnerunternehmen zusammen. Was wir machen und welches unsere Schwerpunkte sind, lesen Sie am besten in unseren Leistungen nach.<\/p>\n","protected":false},"excerpt":{"rendered":"<p>Wir \u00fcber Uns Wir haben unser Hobby zum Beruf gemacht. Das ist f\u00fcr Sie ein gro\u00dfer Vorteil, denn Sie arbeiten mit Menschen zusammen, die von der EDV-Technik begeistert sind. Gemeinsam mit Ihnen entwickeln wir eine IT-Strategie, die Ihrer Unternehmensvision entspricht. Sie k\u00fcmmern sich um Ihr Business, wir k\u00fcmmern uns um Ihre IT. Auf unseren Webseiten [&hellip;]<\/p>\n","protected":false},"author":1,"featured_media":0,"parent":0,"menu_order":0,"comment_status":"closed","ping_status":"closed","template":"","meta":{"_coblocks_attr":"","_coblocks_dimensions":"","_coblocks_responsive_height":"","_coblocks_accordion_ie_support":"","hide_page_title":"","footnotes":""},"class_list":["post-11","page","type-page","status-publish","hentry"],"jetpack_sharing_enabled":true,"_links":{"self":[{"href":"https:\/\/www.fio-it.de\/index.php?rest_route=\/wp\/v2\/pages\/11","targetHints":{"allow":["GET"]}}],"collection":[{"href":"https:\/\/www.fio-it.de\/index.php?rest_route=\/wp\/v2\/pages"}],"about":[{"href":"https:\/\/www.fio-it.de\/index.php?rest_route=\/wp\/v2\/types\/page"}],"author":[{"embeddable":true,"href":"https:\/\/www.fio-it.de\/index.php?rest_route=\/wp\/v2\/users\/1"}],"replies":[{"embeddable":true,"href":"https:\/\/www.fio-it.de\/index.php?rest_route=%2Fwp%2Fv2%2Fcomments&post=11"}],"version-history":[{"count":1,"href":"https:\/\/www.fio-it.de\/index.php?rest_route=\/wp\/v2\/pages\/11\/revisions"}],"predecessor-version":[{"id":12,"href":"https:\/\/www.fio-it.de\/index.php?rest_route=\/wp\/v2\/pages\/11\/revisions\/12"}],"wp:attachment":[{"href":"https:\/\/www.fio-it.de\/index.php?rest_route=%2Fwp%2Fv2%2Fmedia&parent=11"}],"curies":[{"name":"wp","href":"https:\/\/api.w.org\/{rel}","templated":true}]}}