{"id":14,"date":"2025-12-22T18:18:38","date_gmt":"2025-12-22T17:18:38","guid":{"rendered":"https:\/\/www.fio-it.de\/?page_id=14"},"modified":"2025-12-22T18:26:59","modified_gmt":"2025-12-22T17:26:59","slug":"startseite","status":"publish","type":"page","link":"https:\/\/www.fio-it.de\/","title":{"rendered":"Startseite"},"content":{"rendered":"\n<p>Wenn Sie einen kompetenten Partner und Fachmann rund um die IT suchen, dann sind Sie bei EDV Service Fischer genau richtig. Wir sorgen daf\u00fcr, dass es bei Ihnen rund l\u00e4uft.<\/p>\n\n\n\n<h3 class=\"wp-block-heading\">Folgende Dienstleistungen werden angeboten:<\/h3>\n\n\n\n<ul class=\"wp-block-list\">\n<li>Beratung im Hard- und Softwarebereich<\/li>\n\n\n\n<li>Installation von Betriebssystemen Windows und Linux<\/li>\n\n\n\n<li>Vertrieb von Hardware und Software auf Ihre Bed\u00fcrfnisse angepasst<\/li>\n\n\n\n<li>Wartung von Hard- und Software oder auch Ihres ganzen Netzwerkes<\/li>\n\n\n\n<li>Netzwerk- Installation, Pflege, Einrichtung<\/li>\n\n\n\n<li>Beratung von Internetauftritten jeglicher Art<\/li>\n\n\n\n<li>PC Schulung und PC Nachhilfe f\u00fcr Betriebssysteme und Anwendungsprogramme<\/li>\n\n\n\n<li>Erstellung von Webseiten mit Joomla<\/li>\n\n\n\n<li>Firewall und VPN<\/li>\n\n\n\n<li>Virtualisierung mit VMWare ESX und Microsoft Hyper-V<\/li>\n\n\n\n<li>SAN Infrastrukture mit Cisco, Netapp und EMC<\/li>\n\n\n\n<li>Media @ Home<\/li>\n\n\n\n<li>Einrichtung und Programierung von ISDN\/VOIP Telefonanlagen<\/li>\n<\/ul>\n\n\n\n<p>Zum Thema Linux finden Sie unter <a href=\"index.php?option=com_content&amp;view=article&amp;id=2&amp;Itemid=123\">&#8222;<\/a><a href=\"https:\/\/www.fio-it.de\/?page_id=16\" data-type=\"page\" data-id=\"16\">Warum Linux<\/a><a href=\"index.php?option=com_content&amp;view=article&amp;id=2&amp;Itemid=123\">&#8222;<\/a> einige grunds\u00e4tzliche Informationen!<br>Nat\u00fcrlich stehen wir Ihnen auch gerne einfach nur beratend zur Seite und helfen Ihnen die richtige Hard- und Software f\u00fcr Ihre Anforderungen zu finden. Sehen Sie sich doch einfach mal um&#8230;<\/p>\n","protected":false},"excerpt":{"rendered":"<p>Wenn Sie einen kompetenten Partner und Fachmann rund um die IT suchen, dann sind Sie bei EDV Service Fischer genau richtig. Wir sorgen daf\u00fcr, dass es bei Ihnen rund l\u00e4uft. Folgende Dienstleistungen werden angeboten: Zum Thema Linux finden Sie unter &#8222;Warum Linux&#8222; einige grunds\u00e4tzliche Informationen!Nat\u00fcrlich stehen wir Ihnen auch gerne einfach nur beratend zur Seite [&hellip;]<\/p>\n","protected":false},"author":1,"featured_media":0,"parent":0,"menu_order":0,"comment_status":"closed","ping_status":"closed","template":"","meta":{"_coblocks_attr":"","_coblocks_dimensions":"","_coblocks_responsive_height":"","_coblocks_accordion_ie_support":"","hide_page_title":"","footnotes":""},"class_list":["post-14","page","type-page","status-publish","hentry"],"jetpack_sharing_enabled":true,"_links":{"self":[{"href":"https:\/\/www.fio-it.de\/index.php?rest_route=\/wp\/v2\/pages\/14","targetHints":{"allow":["GET"]}}],"collection":[{"href":"https:\/\/www.fio-it.de\/index.php?rest_route=\/wp\/v2\/pages"}],"about":[{"href":"https:\/\/www.fio-it.de\/index.php?rest_route=\/wp\/v2\/types\/page"}],"author":[{"embeddable":true,"href":"https:\/\/www.fio-it.de\/index.php?rest_route=\/wp\/v2\/users\/1"}],"replies":[{"embeddable":true,"href":"https:\/\/www.fio-it.de\/index.php?rest_route=%2Fwp%2Fv2%2Fcomments&post=14"}],"version-history":[{"count":2,"href":"https:\/\/www.fio-it.de\/index.php?rest_route=\/wp\/v2\/pages\/14\/revisions"}],"predecessor-version":[{"id":23,"href":"https:\/\/www.fio-it.de\/index.php?rest_route=\/wp\/v2\/pages\/14\/revisions\/23"}],"wp:attachment":[{"href":"https:\/\/www.fio-it.de\/index.php?rest_route=%2Fwp%2Fv2%2Fmedia&parent=14"}],"curies":[{"name":"wp","href":"https:\/\/api.w.org\/{rel}","templated":true}]}}