{"id":16,"date":"2025-12-22T18:19:51","date_gmt":"2025-12-22T17:19:51","guid":{"rendered":"https:\/\/www.fio-it.de\/?page_id=16"},"modified":"2025-12-22T18:19:52","modified_gmt":"2025-12-22T17:19:52","slug":"warum-linux","status":"publish","type":"page","link":"https:\/\/www.fio-it.de\/?page_id=16","title":{"rendered":"warum Linux"},"content":{"rendered":"\n<h1 class=\"wp-block-heading\">Warum Linux ?<\/h1>\n\n\n\n<p>Die Beantwortung dieser Frage h\u00e4ngt davon ab, welche Anforderungen man an seinen Rechner stellt. F\u00fcr diejenigen, die immer die neusten Computer-Spiele spielen wollen und den Rechner (fast) nie zum Arbeiten ben\u00f6tigt, lohnt sich Linux nicht.<\/p>\n\n\n\n<p>F\u00fcr diese Anwender gibt es Spielkonsolen mit einem auf Spiele ausgelegtem Betriebssystem.<\/p>\n\n\n\n<p>Linux bietet eine stabile Grundlage mit Effizienz und Stabilit\u00e4t f\u00fcr ernsthafte Anwendungen.<\/p>\n\n\n\n<p>F\u00fcr die Desktopoberfl\u00e4che stehen u.a. mit KDE und GNOME zwei integrierte grafische Benutzeroberfl\u00e4chen zur Verf\u00fcgung, die die Bedienung und Administration eines Linux-Systems vereinfachen und sich vor allem an reine Anwender richten.<\/p>\n\n\n\n<p>Daneben gibt es Distibrutionen wie Puppy und Small Damm Linux, die mit veralteter Hardware (z.B. mit 486er Architektur, 20MB RAM und kleinen Festplatten unter 540 MB) zu laufen. Diese Distribution lassen sich sowohl als Live-CD verwenden oder auch auf der Festplatte installieren.<\/p>\n\n\n\n<p>Vorteile von Linux:<\/p>\n\n\n\n<p>Linux ist frei und man bekommt es kostenlos. Man muss nicht viel Geld daf\u00fcr bezahlen, um es legal nutzen zu d\u00fcrfen. Selbst wenn man eine kommerzielle Distribution wie Red Hat oder OpenSuse kauft, kann man es f\u00fcr beliebig viele Installationen legal nutzen.<\/p>\n\n\n\n<p>Es gibt Millionen Leute, die Linux nutzen, und die meisten von ihnen helfen sich gegenseitig, indem sie entwickeln, Fehler beseitigen, \u00fcbersetzen und Support bereitstellen. Alle wollen so gemeinsam Linux und seine Programme verbessern. Dabei kann jeder den Quellcode der Programme \u00fcberpr\u00fcfen und kann so die kleinsten Fehler innerhalb kurzer Zeit finden. Man kann in Mailinglisten ohne Probleme die Entwickler der Programms ansprechen und oft geben sie auch Fragen zur Benutzung der Programme.<\/p>\n\n\n\n<p>Man hat die volle Kontrolle \u00fcber sein System: Man kann Programme terminieren, die abgest\u00fcrzt sind und kann sie danach ohne Probleme neu starten. Trotzdem kann ein abgest\u00fcrztes Programm Linux und andere Programme nicht gef\u00e4hrden. Man kann nur denjenigen Dienst neustarten, der neu konfiguriert wurde (z.B. die ip-Adresse), nicht das ganze System. Dies ist ziemlich wichtig f\u00fcr gro\u00dfe Server im Internet, die eine m\u00f6glichst gro\u00dfe Verf\u00fcgbarkeit haben m\u00fcssen.<\/p>\n\n\n\n<p>Ist Linux und Open Source Software genauso sicher wie propriet\u00e4re Angebote?<\/p>\n\n\n\n<p>Ja. Weil viele Programmierer in aller Welt &#8211; man nennt sie &#8222;Community&#8220; oder Entwickler-Gemeinschaft &#8211; die M\u00f6glichkeit haben, sich den Quelltext der Software anzusehen. So k\u00f6nnen sie m\u00f6gliche Probleme rasch erkennen und gegebenenfalls sofort beheben. Denn: Viele Augen sehen viel! Die Entwickler sind normalerweise namentlich bekannt. Keiner von ihnen w\u00fcrde sich gerne nachsagen lassen, er habe sch\u00e4dliche Software programmiert.<\/p>\n\n\n\n<p>Bei Open Source Software gibt es zudem immer die M\u00f6glichkeit, Warnmeldungen ins Internet zu stellen, wenn Sicherheitsl\u00fccken gefunden wurden. So existiert praktisch eine Art Fr\u00fchwarnsystem, das dem Nutzer die M\u00f6glichkeit gibt sich abzusichern.<\/p>\n\n\n\n<p>Ein weiterer Sicherheitsaspekt ist, dass Open Source Software bislang selten von Viren befallen wird. Das liegt nat\u00fcrlich zum einen daran, dass sie noch nicht so stark verbreitet ist wie propriet\u00e4re Software, aber auch daran, dass sicheres Programmieren und Sicherheitsfunktionen im Bereich der Open Source Software traditionell einen hohen Stellenwert haben.<\/p>\n\n\n\n<p>Zum Leistungsspektrum von Linux geh\u00f6ren u.a.:<\/p>\n\n\n\n<ul class=\"wp-block-list\">\n<li>Datei- und Druckdienste f\u00fcr UNIX-basierte Rechner<\/li>\n\n\n\n<li>Datei- und Druckdienste f\u00fcr Windows basierte Rechner<\/li>\n\n\n\n<li>HTTP-Dienste (WWW)<\/li>\n\n\n\n<li>Datei\u00fcbertragungsdienste (FTP)<\/li>\n\n\n\n<li>elektronische Post (eMail)<\/li>\n\n\n\n<li>Internet-Zugangsrechner (Gateway)<\/li>\n\n\n\n<li>Netzwerkfilter (Firewall)<\/li>\n\n\n\n<li>Linux als Arbeitsplatzrechner<\/li>\n\n\n\n<li>Linux als Mediacenter mit PVR (XBMC mit VDR)<\/li>\n<\/ul>\n\n\n\n<p>Hier eine kleine Auswahl von Anwendungsprogrammen:<\/p>\n\n\n\n<ul class=\"wp-block-list\">\n<li>Office-Pakete (OpenOffice, Applixware, StarOffice, KOffice, SIAG, &#8230;)<\/li>\n\n\n\n<li>Bildverarbeitung (GIMP, XV, ImageMagick, &#8230;)<\/li>\n\n\n\n<li>WWW-Betrachter (Mozilla, Chrome, Konquerer, Arena, Lynx, &#8230;)<\/li>\n\n\n\n<li>E Mail-Programme (elm, pine, mutt, xfmail, KMail, &#8230;)<\/li>\n\n\n\n<li>FTP-Klienten (ftp, NcFTP, KFM, &#8230;)<\/li>\n\n\n\n<li>Texteditoren (XEmacs, Emacs, Joe, NEdit, vi, KEdit, &#8230;)<\/li>\n\n\n\n<li>Programme zum Erstellen eigener CD&#8217;s (K3B, mkisofs, cdwrite, cdrdao, cdrecord, xcdroast, &#8230;)<\/li>\n\n\n\n<li>Programme zum Abspielen von Audiodateien (wavplay, playmidi, mpg123, xmp, mikmod, tracker, XMMS, &#8230;)<\/li>\n\n\n\n<li>Programme zum Abspielen von Animationen und Filmen (Mplayer, XAnim, MpegTV, &#8230;)<\/li>\n\n\n\n<li>Spiele gibts nat\u00fcrlich auch jetzt ganz neu \u00fcber Steam (Counterstrilke, DOOM I &amp; II, Quake I &amp; II &amp; III, &#8230;)<\/li>\n\n\n\n<li>und unz\u00e4hlige kleinere Spiele (Karten-Patiencen, Logik-Spiele, Simulationsspiele&#8230;)<\/li>\n<\/ul>\n","protected":false},"excerpt":{"rendered":"<p>Warum Linux ? Die Beantwortung dieser Frage h\u00e4ngt davon ab, welche Anforderungen man an seinen Rechner stellt. F\u00fcr diejenigen, die immer die neusten Computer-Spiele spielen wollen und den Rechner (fast) nie zum Arbeiten ben\u00f6tigt, lohnt sich Linux nicht. F\u00fcr diese Anwender gibt es Spielkonsolen mit einem auf Spiele ausgelegtem Betriebssystem. Linux bietet eine stabile Grundlage [&hellip;]<\/p>\n","protected":false},"author":1,"featured_media":0,"parent":0,"menu_order":0,"comment_status":"closed","ping_status":"closed","template":"","meta":{"_coblocks_attr":"","_coblocks_dimensions":"","_coblocks_responsive_height":"","_coblocks_accordion_ie_support":"","hide_page_title":"","footnotes":""},"class_list":["post-16","page","type-page","status-publish","hentry"],"jetpack_sharing_enabled":true,"_links":{"self":[{"href":"https:\/\/www.fio-it.de\/index.php?rest_route=\/wp\/v2\/pages\/16","targetHints":{"allow":["GET"]}}],"collection":[{"href":"https:\/\/www.fio-it.de\/index.php?rest_route=\/wp\/v2\/pages"}],"about":[{"href":"https:\/\/www.fio-it.de\/index.php?rest_route=\/wp\/v2\/types\/page"}],"author":[{"embeddable":true,"href":"https:\/\/www.fio-it.de\/index.php?rest_route=\/wp\/v2\/users\/1"}],"replies":[{"embeddable":true,"href":"https:\/\/www.fio-it.de\/index.php?rest_route=%2Fwp%2Fv2%2Fcomments&post=16"}],"version-history":[{"count":1,"href":"https:\/\/www.fio-it.de\/index.php?rest_route=\/wp\/v2\/pages\/16\/revisions"}],"predecessor-version":[{"id":17,"href":"https:\/\/www.fio-it.de\/index.php?rest_route=\/wp\/v2\/pages\/16\/revisions\/17"}],"wp:attachment":[{"href":"https:\/\/www.fio-it.de\/index.php?rest_route=%2Fwp%2Fv2%2Fmedia&parent=16"}],"curies":[{"name":"wp","href":"https:\/\/api.w.org\/{rel}","templated":true}]}}