{"id":18,"date":"2025-12-22T18:20:42","date_gmt":"2025-12-22T17:20:42","guid":{"rendered":"https:\/\/www.fio-it.de\/?page_id=18"},"modified":"2025-12-22T18:20:43","modified_gmt":"2025-12-22T17:20:43","slug":"fernwartung","status":"publish","type":"page","link":"https:\/\/www.fio-it.de\/?page_id=18","title":{"rendered":"Fernwartung"},"content":{"rendered":"\n<h1 class=\"wp-block-heading\">Fernwartung<\/h1>\n\n\n\n<p>So lange Ihr PC bzw. Notebook \u00fcber eine funktionierende Internetverbindung verf\u00fcgt, k\u00f6nnen wir Ihre Probleme einfach und schnell mit Hilfe der Software&nbsp; &#8222;Teamviewer&#8220; \u00fcber das Internet l\u00f6sen.<br>Der Vorteil daran ist, Sie k\u00f6nnen uns beim Service zuschauen und mitmachen!<\/p>\n\n\n\n<p>So lernen Sie sogar noch etwas dabei, und Sie haben immer die Kontrolle \u00fcber unsere Servicearbeiten.<\/p>\n\n\n\n<h1 class=\"wp-block-heading\">Und so wird&#8217;s gemacht:<\/h1>\n\n\n\n<ul class=\"wp-block-list\">\n<li>Laden Sie einfach das entsprechende Client Modul <a href=\"http:\/\/www.teamviewer.com\/download\/TeamViewerQS_de.exe\" target=\"_blank\" rel=\"noreferrer noopener\">hier<\/a> herunter<\/li>\n\n\n\n<li>Starten Sie das Programm &#8222;TeamViewerQS_de.exe&#8220;<\/li>\n\n\n\n<li>Teilen Sie mir die ID und das Passwort mit<\/li>\n<\/ul>\n","protected":false},"excerpt":{"rendered":"<p>Fernwartung So lange Ihr PC bzw. Notebook \u00fcber eine funktionierende Internetverbindung verf\u00fcgt, k\u00f6nnen wir Ihre Probleme einfach und schnell mit Hilfe der Software&nbsp; &#8222;Teamviewer&#8220; \u00fcber das Internet l\u00f6sen.Der Vorteil daran ist, Sie k\u00f6nnen uns beim Service zuschauen und mitmachen! So lernen Sie sogar noch etwas dabei, und Sie haben immer die Kontrolle \u00fcber unsere Servicearbeiten. [&hellip;]<\/p>\n","protected":false},"author":1,"featured_media":0,"parent":0,"menu_order":0,"comment_status":"closed","ping_status":"closed","template":"","meta":{"_coblocks_attr":"","_coblocks_dimensions":"","_coblocks_responsive_height":"","_coblocks_accordion_ie_support":"","hide_page_title":"","footnotes":""},"class_list":["post-18","page","type-page","status-publish","hentry"],"jetpack_sharing_enabled":true,"_links":{"self":[{"href":"https:\/\/www.fio-it.de\/index.php?rest_route=\/wp\/v2\/pages\/18","targetHints":{"allow":["GET"]}}],"collection":[{"href":"https:\/\/www.fio-it.de\/index.php?rest_route=\/wp\/v2\/pages"}],"about":[{"href":"https:\/\/www.fio-it.de\/index.php?rest_route=\/wp\/v2\/types\/page"}],"author":[{"embeddable":true,"href":"https:\/\/www.fio-it.de\/index.php?rest_route=\/wp\/v2\/users\/1"}],"replies":[{"embeddable":true,"href":"https:\/\/www.fio-it.de\/index.php?rest_route=%2Fwp%2Fv2%2Fcomments&post=18"}],"version-history":[{"count":1,"href":"https:\/\/www.fio-it.de\/index.php?rest_route=\/wp\/v2\/pages\/18\/revisions"}],"predecessor-version":[{"id":19,"href":"https:\/\/www.fio-it.de\/index.php?rest_route=\/wp\/v2\/pages\/18\/revisions\/19"}],"wp:attachment":[{"href":"https:\/\/www.fio-it.de\/index.php?rest_route=%2Fwp%2Fv2%2Fmedia&parent=18"}],"curies":[{"name":"wp","href":"https:\/\/api.w.org\/{rel}","templated":true}]}}